{"id":1296,"date":"2019-01-16T19:23:28","date_gmt":"2019-01-16T18:23:28","guid":{"rendered":"https:\/\/www.loretteetjasmin.com\/contact\/"},"modified":"2021-12-09T10:11:46","modified_gmt":"2021-12-09T09:11:46","slug":"contact","status":"publish","type":"page","link":"https:\/\/www.loretteetjasmin.com\/en\/contact\/","title":{"rendered":"CONTACT"},"content":{"rendered":"<p><div class=\"fusion-fullwidth fullwidth-box nonhundred-percent-fullwidth non-hundred-percent-height-scrolling\"  style='background-color: rgba(255,255,255,0);background-position: center center;background-repeat: no-repeat;padding-top:0px;padding-right:5%;padding-bottom:0px;padding-left:5%;margin-bottom: 0px;'><div class=\"fusion-builder-row fusion-row \"><div  class=\"fusion-layout-column fusion_builder_column fusion_builder_column_1_1  fusion-one-full fusion-column-first fusion-column-last 1_1\"  style='margin-top:40px;margin-bottom:0px;'>\n\t\t\t\t\t<div class=\"fusion-column-wrapper\" style=\"padding: 0px 0px 0px 0px;background-position:left top;background-repeat:no-repeat;-webkit-background-size:cover;-moz-background-size:cover;-o-background-size:cover;background-size:cover;\"  data-bg-url=\"\">\n\t\t\t\t\t\t<div class=\"fusion-title title fusion-sep-none fusion-title-center fusion-title-size-one\" style=\"margin-top:0px;margin-bottom:0px;\"><h1 class=\"title-heading-center\"><h1 style=\"text-align: center;\">Designer Consignment Shop Paris 16eme<\/h1><\/h1><\/div><div class=\"fusion-title title fusion-sep-none fusion-title-center fusion-title-size-two\" style=\"margin-top:0px;margin-bottom:0px;\"><h2 class=\"title-heading-center\"><h2 style=\"text-align: center;\">Lorette <span style=\"font-family: Frank-Ruhl-Libre;\">&amp;<\/span> Jasmin,<br \/>\nDesigner Consignment Shop and Vintage Corner<br \/>\n<span style=\"font-family: Montserrat; text-align: center; font-size: 14px; font-weight: 400; letter-spacing: 2px; margin-top: 20px;\">PARIS 16<sup>eme<\/sup><\/span><\/h2><\/h2><\/div><div class=\"fusion-clearfix\"><\/div>\n\n\t\t\t\t\t<\/div>\n\t\t\t\t<\/div><\/div><\/div><div class=\"fusion-fullwidth fullwidth-box nonhundred-percent-fullwidth non-hundred-percent-height-scrolling\"  style='background-color: rgba(255,255,255,0);background-position: center center;background-repeat: no-repeat;padding-right:5%;padding-left:5%;margin-top: 80px;'><div class=\"fusion-builder-row fusion-row \"><div  class=\"fusion-layout-column fusion_builder_column fusion_builder_column_1_2  fusion-one-half fusion-column-first 1_2\"  style='margin-top:0px;margin-bottom:20px;width:50%;width:calc(50% - ( ( 5% ) * 0.5 ) );margin-right: 5%;'>\n\t\t\t\t\t<div class=\"fusion-column-wrapper\" style=\"padding: 0px 0px 0px 0px;background-position:left top;background-repeat:no-repeat;-webkit-background-size:cover;-moz-background-size:cover;-o-background-size:cover;background-size:cover;\"  data-bg-url=\"\">\n\t\t\t\t\t\t<div class=\"fusion-title title fusion-sep-none fusion-title-size-four\" style=\"margin-top:0px;margin-bottom:0px;\"><h4 class=\"title-heading-left\"><h5>CONTACT<\/h5><\/h4><\/div><div class=\"fusion-sep-clear\"><\/div><div class=\"fusion-separator fusion-full-width-sep sep-single sep-solid\" style=\"border-color:#c4ab78;border-top-width:1px;margin-top:0px;margin-bottom:20px;\"><\/div><div class=\"fusion-text\"><p><strong>Lorette &amp; Jasmin<\/strong><br \/>\n<em>Designer consignment shop and vintage corner Paris 16eme<\/em><br \/>\n6 rue Fran\u00e7ois Millet<br \/>\n75016 Paris<\/p>\n<\/div><ul class=\"fusion-checklist fusion-checklist-1\" style=\"font-size:16px;line-height:27.2px;\"><li class=\"fusion-li-item\"><span style=\"height:27.2px;width:27.2px;margin-right:11.2px;\" class=\"icon-wrapper circle-no\"><i class=\"fusion-li-icon  fa fa-phone\" style=\"color:#c4ab78;\"><\/i><\/span><div class=\"fusion-li-item-content\" style=\"margin-left:38.4px;\">\n<p>+33 (0)6 14 08 06 22<br \/>\n+33 (0)1 45 25 41 36<\/p>\n<\/div><\/li><li class=\"fusion-li-item\"><span style=\"height:27.2px;width:27.2px;margin-right:11.2px;\" class=\"icon-wrapper circle-no\"><i class=\"fusion-li-icon  fa fa-envelope-o\" style=\"color:#c4ab78;\"><\/i><\/span><div class=\"fusion-li-item-content\" style=\"margin-left:38.4px;\">\n<p><a href=\"mailto:loretteetjasmin@gmail.com\">loretteetjasmin@gmail.com<\/a><\/p>\n<\/div><\/li><li class=\"fusion-li-item\"><span style=\"height:27.2px;width:27.2px;margin-right:11.2px;\" class=\"icon-wrapper circle-no\"><i class=\"fusion-li-icon  fa fa-bus\" style=\"color:#c4ab78;\"><\/i><\/span><div class=\"fusion-li-item-content\" style=\"margin-left:38.4px;\">M\u00e9tro <span style=\"background-color: #ceca2b; padding: 0px 2px;\">9<\/span> Jasmin ou <span style=\"background-color: #dfb03a; padding: 0px 2px;\">10<\/span> Mirabeau<br \/>\nBus <span style=\"background-color: #00804f; padding: 0px 2px;\">22<\/span>, <span style=\"background-color: #99ffff; padding: 0px 2px;\">52<\/span>, <span style=\"background-color: #e61018; padding: 0px 2px;\">72<\/span><\/div><\/li><\/ul><div class=\"fusion-clearfix\"><\/div>\n\n\t\t\t\t\t<\/div>\n\t\t\t\t<\/div><div  class=\"fusion-layout-column fusion_builder_column fusion_builder_column_1_2  fusion-one-half fusion-column-last 1_2\"  style='margin-top:0px;margin-bottom:20px;width:50%;width:calc(50% - ( ( 5% ) * 0.5 ) );'>\n\t\t\t\t\t<div class=\"fusion-column-wrapper\" style=\"padding: 0px 0px 0px 0px;background-position:left top;background-repeat:no-repeat;-webkit-background-size:cover;-moz-background-size:cover;-o-background-size:cover;background-size:cover;\"  data-bg-url=\"\">\n\t\t\t\t\t\t<div class=\"fusion-title title fusion-sep-none fusion-title-size-four\" style=\"margin-top:0px;margin-bottom:0px;\"><h4 class=\"title-heading-left\"><h5>OPENING TIMES<\/h5><\/h4><\/div><div class=\"fusion-sep-clear\"><\/div><div class=\"fusion-separator fusion-full-width-sep sep-single sep-solid\" style=\"border-color:#c4ab78;border-top-width:1px;margin-top:0px;margin-bottom:20px;\"><\/div><div class=\"fusion-text\"><p>The store is open Tuesday-Friday, from <strong>14.30PM<\/strong> to <strong>19.00PM<\/strong><br \/>\nThe store is also open on Saturdays from <strong>10.30AM<\/strong> to <strong>18.30PM<\/strong><br \/>\nYou can make an appointment with Lorette outside opening times<\/p>\n<\/div><div class=\"fusion-clearfix\"><\/div>\n\n\t\t\t\t\t<\/div>\n\t\t\t\t<\/div><\/div><\/div><div class=\"fusion-fullwidth fullwidth-box nonhundred-percent-fullwidth non-hundred-percent-height-scrolling fusion-equal-height-columns\"  style='background-color: rgba(255,255,255,0);background-position: center center;background-repeat: no-repeat;padding-right:5%;padding-left:5%;margin-top: 80px;'><div class=\"fusion-builder-row fusion-row \"><div  class=\"fusion-layout-column fusion_builder_column fusion_builder_column_1_1  fusion-one-full fusion-column-first fusion-column-last 1_1\"  style='margin-top:0px;margin-bottom:0px;'>\n\t\t\t\t\t<div class=\"fusion-column-wrapper\" style=\"padding: 0px 0px 0px 0px;background-position:left top;background-repeat:no-repeat;-webkit-background-size:cover;-moz-background-size:cover;-o-background-size:cover;background-size:cover;\"  data-bg-url=\"\">\n\t\t\t\t\t\t\t\t\t\t\t<script type=\"text\/javascript\">\n\t\t\t\t\t\tvar map_fusion_map_69f7092dd0c36;\n\t\t\t\t\t\tvar markers = [];\n\t\t\t\t\t\tvar counter = 0;\n\t\t\t\t\t\t\t\t\t\t\t\t\t\t\t\t\t\t\t\tvar fusionMapNonce = 'd23ad05558';\n\t\t\t\t\t\t\t\t\t\t\t\tfunction fusion_run_map_fusion_map_69f7092dd0c36() {\n\t\t\t\t\t\t\tjQuery('#fusion_map_69f7092dd0c36').fusion_maps({\n\t\t\t\t\t\t\t\taddresses: [{\"address\":\"6 rue Fran\\u00e7ois Millet, 75016 Paris\",\"infobox_content\":\"Lorette et Jasmin, D\\u00e9p\\u00f4t vente luxe et vintage\",\"marker\":\"https:\\\/\\\/www.loretteetjasmin.com\\\/wp-content\\\/uploads\\\/2017\\\/06\\\/Pin-bleu.png\",\"coordinates\":false,\"cache\":true,\"latitude\":\"48.8508326\",\"longitude\":\"2.272995300000048\"}],\n\t\t\t\t\t\t\t\tanimations: false,\n\t\t\t\t\t\t\t\tinfobox_background_color: '#ffffff',\n\t\t\t\t\t\t\t\tinfobox_styling: 'custom',\n\t\t\t\t\t\t\t\tinfobox_text_color: '#0f3242',\n\t\t\t\t\t\t\t\tmap_style: 'custom',\n\t\t\t\t\t\t\t\tmap_type: 'roadmap',\n\t\t\t\t\t\t\t\tmarker_icon: 'https:\/\/www.loretteetjasmin.com\/wp-content\/uploads\/2017\/06\/Pin-bleu.png',\n\t\t\t\t\t\t\t\toverlay_color: '#c5ac70',\n\t\t\t\t\t\t\t\toverlay_color_hsl: {\"hue\":42,\"sat\":42,\"lum\":61},\n\t\t\t\t\t\t\t\tpan_control: true,\n\t\t\t\t\t\t\t\tshow_address: true,\n\t\t\t\t\t\t\t\tscale_control: true,\n\t\t\t\t\t\t\t\tscrollwheel: true,\n\t\t\t\t\t\t\t\tzoom: 14,\n\t\t\t\t\t\t\t\tzoom_control: true,\n\t\t\t\t\t\t\t});\n\t\t\t\t\t\t}\n\n\t\t\t\t\t\tgoogle.maps.event.addDomListener(window, 'load', fusion_run_map_fusion_map_69f7092dd0c36);\n\t\t\t\t\t<\/script>\n\t\t\t\t\t<div class=\"shortcode-map fusion-google-map fusion-maps-js-type\" id=\"fusion_map_69f7092dd0c36\" style=\"height:320px;width:100%;\"><\/div><div class=\"fusion-clearfix\"><\/div>\n\n\t\t\t\t\t<\/div>\n\t\t\t\t<\/div><\/div><\/div><div class=\"fusion-fullwidth fullwidth-box hundred-percent-fullwidth non-hundred-percent-height-scrolling\"  style='background-color: rgba(255,255,255,0);background-position: center center;background-repeat: no-repeat;margin-top: 40px;'><div class=\"fusion-builder-row fusion-row \"><div  class=\"fusion-layout-column fusion_builder_column fusion_builder_column_1_1  fusion-one-full fusion-column-first fusion-column-last 1_1\"  style='margin-top:0px;margin-bottom:0px;'>\n\t\t\t\t\t<div class=\"fusion-column-wrapper\" style=\"padding: 0px 0px 0px 0px;background-position:left top;background-repeat:no-repeat;-webkit-background-size:cover;-moz-background-size:cover;-o-background-size:cover;background-size:cover;\"  data-bg-url=\"\">\n\t\t\t\t\t\t<div class=\"fusion-sep-clear\"><\/div><div class=\"fusion-separator fusion-full-width-sep sep-single sep-solid\" style=\"border-color:#c4ab78;border-top-width:1px;margin-left: auto;margin-right: auto;margin-top:;\"><\/div><div class=\"fusion-clearfix\"><\/div>\n\n\t\t\t\t\t<\/div>\n\t\t\t\t<\/div><div  class=\"fusion-layout-column fusion_builder_column fusion_builder_column_1_1  fusion-one-full fusion-column-first fusion-column-last 1_1\"  style='margin-top:0px;margin-bottom:0px;'>\n\t\t\t\t\t<div class=\"fusion-column-wrapper\" style=\"padding: 0px 0px 0px 0px;background-position:left top;background-repeat:no-repeat;-webkit-background-size:cover;-moz-background-size:cover;-o-background-size:cover;background-size:cover;\"  data-bg-url=\"\">\n\t\t\t\t\t\t<div class=\"fusion-text\"><p style=\"text-align: center; padding: 0px; margin: 40px 0 0 0;\"><span style=\"font-size: 30px;\"><a href=\"https:\/\/www.instagram.com\/loretteetjasmin\/\"><span style=\"font-family: sacramento; color: #c4ab78; line-height: 1;\">Instagram<\/span><\/a><\/span><\/p>\n<p style=\"text-align: center; padding: 0px; margin: 10px 0 40px 0;\">@loretteetjasmin<\/p>\n<\/div><div class=\"fusion-text\">\r\n<div id=\"sb_instagram\"  class=\"sbi sbi_mob_col_1 sbi_tab_col_2 sbi_col_5 sbi_width_resp\" style=\"width: 100%;\" data-feedid=\"sbi_1602553027#5\"  data-res=\"auto\" data-cols=\"5\" data-colsmobile=\"1\" data-colstablet=\"2\" data-num=\"5\" data-nummobile=\"\" data-shortcode-atts=\"{&quot;cachetime&quot;:30}\"  data-postid=\"1296\" data-locatornonce=\"c8c531050d\" data-sbi-flags=\"favorLocal\">\r\n\t\r\n    <div id=\"sbi_images\" >\r\n\t\t    <\/div>\r\n\r\n\t<div id=\"sbi_load\" >\r\n\r\n\t\r\n\t\r\n<\/div>\r\n\r\n\t    <span class=\"sbi_resized_image_data\" data-feed-id=\"sbi_1602553027#5\" data-resized=\"[]\">\n\t<\/span>\n\t<\/div>\r\n\r\n\n<\/div><div class=\"fusion-clearfix\"><\/div>\n\n\t\t\t\t\t<\/div>\n\t\t\t\t<\/div><\/div><\/div><\/p>\n","protected":false},"excerpt":{"rendered":"","protected":false},"author":2,"featured_media":0,"parent":0,"menu_order":0,"comment_status":"closed","ping_status":"closed","template":"100-width.php","meta":[],"yoast_head":"<!-- This site is optimized with the Yoast SEO plugin v19.3 - https:\/\/yoast.com\/wordpress\/plugins\/seo\/ -->\n<title>Contact Lorette &amp; Jasmin, Designer Consignment Shop in Paris<\/title>\n<meta name=\"description\" content=\"Contact our Designer Shop and Vintage Corner in Paris 16eme. Appointment possible during or outside opening times.\" \/>\n<meta name=\"robots\" content=\"index, follow, max-snippet:-1, max-image-preview:large, max-video-preview:-1\" \/>\n<link rel=\"canonical\" href=\"https:\/\/www.loretteetjasmin.com\/en\/contact\/\" \/>\n<meta property=\"og:locale\" content=\"en_US\" \/>\n<meta property=\"og:type\" content=\"article\" \/>\n<meta property=\"og:title\" content=\"Contact Lorette &amp; Jasmin, Designer Consignment Shop in Paris\" \/>\n<meta property=\"og:description\" content=\"Contact our Designer Shop and Vintage Corner in Paris 16eme. Appointment possible during or outside opening times.\" \/>\n<meta property=\"og:url\" content=\"https:\/\/www.loretteetjasmin.com\/en\/contact\/\" \/>\n<meta property=\"og:site_name\" content=\"Lorette et jasmin\" \/>\n<meta property=\"article:modified_time\" content=\"2021-12-09T09:11:46+00:00\" \/>\n<meta name=\"twitter:card\" content=\"summary\" \/>\n<meta name=\"twitter:label1\" content=\"Est. reading time\" \/>\n\t<meta name=\"twitter:data1\" content=\"7 minutes\" \/>\n<script type=\"application\/ld+json\" class=\"yoast-schema-graph\">{\"@context\":\"https:\/\/schema.org\",\"@graph\":[{\"@type\":\"WebSite\",\"@id\":\"https:\/\/www.loretteetjasmin.com\/#website\",\"url\":\"https:\/\/www.loretteetjasmin.com\/\",\"name\":\"Lorette et jasmin\",\"description\":\"D\u00e9p\u00f4t-vente de v\u00eatements et accessoires de luxe\",\"potentialAction\":[{\"@type\":\"SearchAction\",\"target\":{\"@type\":\"EntryPoint\",\"urlTemplate\":\"https:\/\/www.loretteetjasmin.com\/?s={search_term_string}\"},\"query-input\":\"required name=search_term_string\"}],\"inLanguage\":\"en-US\"},{\"@type\":\"WebPage\",\"@id\":\"https:\/\/www.loretteetjasmin.com\/en\/contact\/\",\"url\":\"https:\/\/www.loretteetjasmin.com\/en\/contact\/\",\"name\":\"Contact Lorette & Jasmin, Designer Consignment Shop in Paris\",\"isPartOf\":{\"@id\":\"https:\/\/www.loretteetjasmin.com\/#website\"},\"datePublished\":\"2019-01-16T18:23:28+00:00\",\"dateModified\":\"2021-12-09T09:11:46+00:00\",\"description\":\"Contact our Designer Shop and Vintage Corner in Paris 16eme. Appointment possible during or outside opening times.\",\"breadcrumb\":{\"@id\":\"https:\/\/www.loretteetjasmin.com\/en\/contact\/#breadcrumb\"},\"inLanguage\":\"en-US\",\"potentialAction\":[{\"@type\":\"ReadAction\",\"target\":[\"https:\/\/www.loretteetjasmin.com\/en\/contact\/\"]}]},{\"@type\":\"BreadcrumbList\",\"@id\":\"https:\/\/www.loretteetjasmin.com\/en\/contact\/#breadcrumb\",\"itemListElement\":[{\"@type\":\"ListItem\",\"position\":1,\"name\":\"Accueil\",\"item\":\"https:\/\/www.loretteetjasmin.com\/en\/\"},{\"@type\":\"ListItem\",\"position\":2,\"name\":\"CONTACT\"}]}]}<\/script>\n<!-- \/ Yoast SEO plugin. -->","yoast_head_json":{"title":"Contact Lorette & Jasmin, Designer Consignment Shop in Paris","description":"Contact our Designer Shop and Vintage Corner in Paris 16eme. Appointment possible during or outside opening times.","robots":{"index":"index","follow":"follow","max-snippet":"max-snippet:-1","max-image-preview":"max-image-preview:large","max-video-preview":"max-video-preview:-1"},"canonical":"https:\/\/www.loretteetjasmin.com\/en\/contact\/","og_locale":"en_US","og_type":"article","og_title":"Contact Lorette & Jasmin, Designer Consignment Shop in Paris","og_description":"Contact our Designer Shop and Vintage Corner in Paris 16eme. Appointment possible during or outside opening times.","og_url":"https:\/\/www.loretteetjasmin.com\/en\/contact\/","og_site_name":"Lorette et jasmin","article_modified_time":"2021-12-09T09:11:46+00:00","twitter_card":"summary","twitter_misc":{"Est. reading time":"7 minutes"},"schema":{"@context":"https:\/\/schema.org","@graph":[{"@type":"WebSite","@id":"https:\/\/www.loretteetjasmin.com\/#website","url":"https:\/\/www.loretteetjasmin.com\/","name":"Lorette et jasmin","description":"D\u00e9p\u00f4t-vente de v\u00eatements et accessoires de luxe","potentialAction":[{"@type":"SearchAction","target":{"@type":"EntryPoint","urlTemplate":"https:\/\/www.loretteetjasmin.com\/?s={search_term_string}"},"query-input":"required name=search_term_string"}],"inLanguage":"en-US"},{"@type":"WebPage","@id":"https:\/\/www.loretteetjasmin.com\/en\/contact\/","url":"https:\/\/www.loretteetjasmin.com\/en\/contact\/","name":"Contact Lorette & Jasmin, Designer Consignment Shop in Paris","isPartOf":{"@id":"https:\/\/www.loretteetjasmin.com\/#website"},"datePublished":"2019-01-16T18:23:28+00:00","dateModified":"2021-12-09T09:11:46+00:00","description":"Contact our Designer Shop and Vintage Corner in Paris 16eme. Appointment possible during or outside opening times.","breadcrumb":{"@id":"https:\/\/www.loretteetjasmin.com\/en\/contact\/#breadcrumb"},"inLanguage":"en-US","potentialAction":[{"@type":"ReadAction","target":["https:\/\/www.loretteetjasmin.com\/en\/contact\/"]}]},{"@type":"BreadcrumbList","@id":"https:\/\/www.loretteetjasmin.com\/en\/contact\/#breadcrumb","itemListElement":[{"@type":"ListItem","position":1,"name":"Accueil","item":"https:\/\/www.loretteetjasmin.com\/en\/"},{"@type":"ListItem","position":2,"name":"CONTACT"}]}]}},"_links":{"self":[{"href":"https:\/\/www.loretteetjasmin.com\/en\/wp-json\/wp\/v2\/pages\/1296"}],"collection":[{"href":"https:\/\/www.loretteetjasmin.com\/en\/wp-json\/wp\/v2\/pages"}],"about":[{"href":"https:\/\/www.loretteetjasmin.com\/en\/wp-json\/wp\/v2\/types\/page"}],"author":[{"embeddable":true,"href":"https:\/\/www.loretteetjasmin.com\/en\/wp-json\/wp\/v2\/users\/2"}],"replies":[{"embeddable":true,"href":"https:\/\/www.loretteetjasmin.com\/en\/wp-json\/wp\/v2\/comments?post=1296"}],"version-history":[{"count":5,"href":"https:\/\/www.loretteetjasmin.com\/en\/wp-json\/wp\/v2\/pages\/1296\/revisions"}],"predecessor-version":[{"id":1865,"href":"https:\/\/www.loretteetjasmin.com\/en\/wp-json\/wp\/v2\/pages\/1296\/revisions\/1865"}],"wp:attachment":[{"href":"https:\/\/www.loretteetjasmin.com\/en\/wp-json\/wp\/v2\/media?parent=1296"}],"curies":[{"name":"wp","href":"https:\/\/api.w.org\/{rel}","templated":true}]}}